{"id":206,"date":"2026-03-31T20:28:51","date_gmt":"2026-03-31T18:28:51","guid":{"rendered":"https:\/\/inm.ovh\/?page_id=206"},"modified":"2026-04-02T13:46:14","modified_gmt":"2026-04-02T11:46:14","slug":"centrum-pomocy","status":"publish","type":"page","link":"https:\/\/inm.ovh\/?page_id=206","title":{"rendered":"Dokumenty"},"content":{"rendered":"\n<h3 class=\"wp-block-heading\" id=\"wzory-dokumentow-do-pobrania\">Wzory dokument\u00f3w do pobrania<\/h3>\n\n\n\n<p>Umowa abonencka <\/p>\n\n\n\n<p>Informacje przedumowne, oferty i ceny <\/p>\n\n\n\n<p>Zwi\u0119z\u0142e podsumowanie warunk\u00f3w umowy <\/p>\n\n\n\n<p>Formularz odst\u0105pienia od umowy <\/p>\n","protected":false},"excerpt":{"rendered":"<p>Wzory dokument\u00f3w do pobrania Umowa abonencka Informacje przedumowne, oferty i ceny Zwi\u0119z\u0142e podsumowanie warunk\u00f3w umowy Formularz odst\u0105pienia od umowy<\/p>\n","protected":false},"author":1,"featured_media":0,"parent":0,"menu_order":0,"comment_status":"closed","ping_status":"closed","template":"","meta":{"_gspb_post_css":"","dsgo_overlay_header":false,"dsgo_overlay_header_text_color":"","dsgo_overlay_skip_top_bar":false,"_designsetgo_exclude_llms":false,"footnotes":""},"class_list":["post-206","page","type-page","status-publish","hentry"],"_links":{"self":[{"href":"https:\/\/inm.ovh\/index.php?rest_route=\/wp\/v2\/pages\/206","targetHints":{"allow":["GET"]}}],"collection":[{"href":"https:\/\/inm.ovh\/index.php?rest_route=\/wp\/v2\/pages"}],"about":[{"href":"https:\/\/inm.ovh\/index.php?rest_route=\/wp\/v2\/types\/page"}],"author":[{"embeddable":true,"href":"https:\/\/inm.ovh\/index.php?rest_route=\/wp\/v2\/users\/1"}],"replies":[{"embeddable":true,"href":"https:\/\/inm.ovh\/index.php?rest_route=%2Fwp%2Fv2%2Fcomments&post=206"}],"version-history":[{"count":1,"href":"https:\/\/inm.ovh\/index.php?rest_route=\/wp\/v2\/pages\/206\/revisions"}],"predecessor-version":[{"id":244,"href":"https:\/\/inm.ovh\/index.php?rest_route=\/wp\/v2\/pages\/206\/revisions\/244"}],"wp:attachment":[{"href":"https:\/\/inm.ovh\/index.php?rest_route=%2Fwp%2Fv2%2Fmedia&parent=206"}],"curies":[{"name":"wp","href":"https:\/\/api.w.org\/{rel}","templated":true}]}}